{"id":19122,"date":"2025-03-20T21:16:53","date_gmt":"2025-03-20T13:16:53","guid":{"rendered":"https:\/\/climapro.com\/?page_id=19122"},"modified":"2025-09-04T18:25:29","modified_gmt":"2025-09-04T10:25:29","slug":"terminos-y-condiciones","status":"publish","type":"page","link":"https:\/\/hvac.condor.dz\/es\/terminos-y-condiciones\/","title":{"rendered":"T\u00e9rminos y condiciones"},"content":{"rendered":"<div data-elementor-type=\"wp-page\" data-elementor-id=\"19122\" class=\"elementor elementor-19122\" data-elementor-post-type=\"page\">\n\t\t\t\t<div class=\"wd-negative-gap elementor-element elementor-element-4afbe716 e-flex e-con-boxed e-con e-parent\" data-id=\"4afbe716\" data-element_type=\"container\">\n\t\t\t\t\t<div class=\"e-con-inner\">\n\t\t\t\t<div class=\"elementor-element elementor-element-49c430f9 color-scheme-inherit text-left elementor-widget elementor-widget-text-editor\" data-id=\"49c430f9\" data-element_type=\"widget\" data-widget_type=\"text-editor.default\">\n\t\t\t\t<div class=\"elementor-widget-container\">\n\t\t\t\t\t\t\t\t\t<h2>T\u00e9rminos y condiciones del sitio web Condor Climatisation Centralis\u00e9e<\/h2>\n<p>Estos t\u00e9rminos y condiciones describen las reglas y regulaciones para el uso del sitio web de SPA CONDOR ELECTRONICS para sus servicios Condor Climatisation Centralis\u00e9e.<\/p>\n<p>Al acceder a este sitio web, asumimos que acepta estos t\u00e9rminos y condiciones en su totalidad. No contin\u00fae utilizando el sitio web de Condor Climatisation Centralis\u00e9e si no acepta todos los t\u00e9rminos y condiciones establecidos en esta p\u00e1gina.<\/p>\n<hr \/>\n<h3>Terminolog\u00eda<\/h3>\n<p>La siguiente terminolog\u00eda se aplica a estos T\u00e9rminos y Condiciones, Declaraci\u00f3n de Privacidad, Aviso de Exenci\u00f3n de Responsabilidad y todos los Acuerdos:<\/p>\n<ul>\n \t<li><strong>\u201cCliente\u201d, \u201cUsted\u201d y \u201cSu\u201d<\/strong> se refiere a usted, la persona que accede a este sitio web y cumple con los t\u00e9rminos y condiciones de SPA CONDOR ELECTRONICS.<\/li>\n \t<li><strong>\u201cCompa\u00f1\u00eda\u201d, \u201cNosotros\u201d, \u201cNos\u201d y \u201cNosotros mismos\u201d<\/strong> Consulte SPA CONDOR ELECTRONICS.<\/li>\n \t<li><strong>\u201cParte\u201d, \u201cPartes\u201d o \u201cNosotros\u201d<\/strong> se refieren tanto al Cliente como a Nosotros mismos.<\/li>\n<\/ul>\n<p>Todos los t\u00e9rminos se refieren a la oferta, aceptaci\u00f3n y contraprestaci\u00f3n del pago necesario para llevar a cabo el proceso de asistencia al Cliente de la manera m\u00e1s adecuada, expresamente con el fin de satisfacer sus necesidades en relaci\u00f3n con la prestaci\u00f3n de los servicios indicados por SPA CONDOR ELECTRONICS, de conformidad con la legislaci\u00f3n argelina aplicable. Cualquier uso de la terminolog\u00eda anterior u otras palabras en singular, plural, con may\u00fascula inicial, o &quot;\u00e9l\/ella&quot; o &quot;ellos\/ellas&quot; se considera indistintamente y, por lo tanto, se refiere a lo mismo.<\/p>\n<hr \/>\n<h3>Galletas<\/h3>\n<p>Utilizamos cookies. Al acceder al sitio web de Condor Climatisation Centralis\u00e9e, acepta el uso de cookies de acuerdo con la Pol\u00edtica de Privacidad de SPA CONDOR ELECTRONICS.<\/p>\n<p>Las cookies se utilizan para mejorar la funcionalidad y la experiencia del usuario en nuestro sitio web. Algunas funciones pueden depender de las cookies para funcionar correctamente. Adem\u00e1s, algunos de nuestros socios publicitarios y afiliados tambi\u00e9n pueden utilizar cookies.<\/p>\n<hr \/>\n<h3>Propiedad intelectual<\/h3>\n<p>Salvo indicaci\u00f3n contraria, SPA CONDOR ELECTRONICS y\/o sus licenciantes poseen los derechos de propiedad intelectual de todo el material de este sitio web. Todos los derechos de propiedad intelectual est\u00e1n reservados. Puede acceder al contenido del sitio web de Condor Climatisation Centralis\u00e9e \u00fanicamente para uso personal, sujeto a las restricciones establecidas en estos t\u00e9rminos y condiciones.<\/p>\n<p>No debes:<\/p>\n<ul>\n \t<li>Republicar material del sitio web.<\/li>\n \t<li>Vender, alquilar o sublicenciar material del sitio web.<\/li>\n \t<li>Reproducir, duplicar o copiar material del sitio web.<\/li>\n \t<li>Redistribuir contenido sin permiso.<\/li>\n<\/ul>\n<hr \/>\n<h3>Contenido generado por el usuario<\/h3>\n<p>Ciertas \u00e1reas del sitio web pueden permitir a los usuarios publicar e intercambiar opiniones, informaci\u00f3n y otro contenido (&quot;Comentarios&quot;). SPA CONDOR ELECTRONICS no revisa ni edita los comentarios antes de su publicaci\u00f3n en el sitio web. Los comentarios reflejan la opini\u00f3n de quien los publica y no representan la de la Compa\u00f1\u00eda.<\/p>\n<p>La Compa\u00f1\u00eda se reserva el derecho de monitorear todos los comentarios y eliminar cualquiera que considere inapropiado, ofensivo o que infrinja estos t\u00e9rminos.<\/p>\n<p>Al publicar comentarios, usted garantiza que:<\/p>\n<ul>\n \t<li>Usted es propietario o tiene los derechos necesarios para publicar dicho contenido.<\/li>\n \t<li>El contenido no infringe ning\u00fan derecho de propiedad intelectual, privacidad u otros derechos legales.<\/li>\n \t<li>El contenido no es difamatorio, calumnioso, ofensivo o de otro modo ilegal.<\/li>\n \t<li>El contenido no se utilizar\u00e1 para fines comerciales no solicitados.<\/li>\n<\/ul>\n<p>Usted otorga a SPA CONDOR ELECTRONICS una licencia no exclusiva y libre de regal\u00edas para usar, reproducir y distribuir sus Comentarios en todos los formatos de medios.<\/p>\n<hr \/>\n<h3>Hiperv\u00ednculos a nuestro contenido<\/h3>\n<p>Organizaciones como agencias gubernamentales, motores de b\u00fasqueda y medios de comunicaci\u00f3n pueden enlazar a nuestro sitio web sin autorizaci\u00f3n previa. Otras entidades pueden solicitar autorizaci\u00f3n para crear hiperv\u00ednculos, sujetas a las siguientes condiciones:<\/p>\n<ul>\n \t<li>El enlace no es enga\u00f1oso ni falaz.<\/li>\n \t<li>El enlace no implica falsamente patrocinio o respaldo.<\/li>\n \t<li>El enlace se enmarca en el contexto del sitio web del vinculante.<\/li>\n<\/ul>\n<p>Para solicitar aprobaci\u00f3n, env\u00edenos un correo electr\u00f3nico a <a href=\"mailto:cac@condor.dz\">cac@condor.dz<\/a> con los detalles de su organizaci\u00f3n y los enlaces previstos.<\/p>\n<hr \/>\n<h3>iFrames<\/h3>\n<p>Sin consentimiento previo por escrito, no podr\u00e1 crear marcos alrededor de nuestras p\u00e1ginas web que alteren la presentaci\u00f3n visual o la apariencia del sitio web.<\/p>\n<hr \/>\n<h3>Responsabilidad del contenido<\/h3>\n<p>No nos responsabilizamos del contenido que aparezca en sitios web externos enlazados a nuestro sitio web. Al enlazar a nuestro sitio, usted acepta indemnizarnos ante cualquier reclamaci\u00f3n derivada del contenido de su sitio web.<\/p>\n<hr \/>\n<h3>Reserva de derechos<\/h3>\n<p>Nos reservamos el derecho de solicitar la eliminaci\u00f3n de cualquiera o todos los enlaces a nuestro sitio web. Usted acepta eliminar dichos enlaces inmediatamente si se le solicita. Adem\u00e1s, podemos actualizar estos t\u00e9rminos y nuestra pol\u00edtica de enlaces en cualquier momento.<\/p>\n<hr \/>\n<h3>Descargo de responsabilidad<\/h3>\n<p>En la medida m\u00e1xima permitida por la legislaci\u00f3n argelina, excluimos todas las garant\u00edas, representaciones y condiciones relacionadas con nuestro sitio web y su uso. Nada de lo dispuesto en este descargo de responsabilidad:<\/p>\n<ul>\n \t<li>Limitar o excluir la responsabilidad por muerte o lesiones personales causadas por negligencia.<\/li>\n \t<li>Limitar o excluir la responsabilidad por fraude o tergiversaci\u00f3n fraudulenta.<\/li>\n \t<li>Limitar las responsabilidades de cualquier forma que no est\u00e9 permitida por la legislaci\u00f3n aplicable.<\/li>\n \t<li>Excluir los pasivos que no puedan excluirse seg\u00fan la legislaci\u00f3n aplicable.<\/li>\n<\/ul>\n<p>Siempre que el sitio web y su contenido se proporcionen de forma gratuita, no seremos responsables de ninguna p\u00e9rdida o da\u00f1o de ning\u00fan tipo.<\/p>\n<hr \/>\n<h3>Eliminaci\u00f3n de contenido<\/h3>\n<p>Si identifica contenido en nuestro sitio web que le parezca objetable, cont\u00e1ctenos en <a href=\"mailto:cac@condor.dz\">cac@condor.dz<\/a>Consideraremos todas las solicitudes de eliminaci\u00f3n, pero no estamos obligados a tomar medidas ni a responder directamente.<\/p>\n<hr \/>\n<h3>Informaci\u00f3n del contacto<\/h3>\n<p><strong>SPA CONDOR ELECTR\u00d3NICA<\/strong><br>\nZone D&#039;Activite Route De M&#039;sila, Bordj-Bou-Arreridj 34000, Argelia<br>\nTel\u00e9fono\/WhatsApp: <a href=\"tel:+213560037611\">+213 560 03 76 11<\/a><br>\nCorreo electr\u00f3nico: <a href=\"mailto:cac@condor.dz\">cac@condor.dz<\/a><\/p>\n<hr \/>\n<p><strong>\u00daltima actualizaci\u00f3n:<\/strong> 20 de marzo de 2025<\/p>\n<p>Si tiene alguna pregunta o inquietud, comun\u00edquese con nosotros por correo electr\u00f3nico a <a href=\"mailto:cac@condor.dz\">cac@condor.dz<\/a>.<\/p>\t\t\t\t\t\t\t\t<\/div>\n\t\t\t\t<\/div>\n\t\t\t\t\t<\/div>\n\t\t\t\t<\/div>\n\t\t\t\t<\/div>","protected":false},"excerpt":{"rendered":"<p>Terms and Conditions for Condor Climatisation Centralis\u00e9e Website These terms and conditions outline the rules and regulations for the use<\/p>","protected":false},"author":1,"featured_media":0,"parent":0,"menu_order":0,"comment_status":"closed","ping_status":"closed","template":"","meta":{"footnotes":""},"class_list":["post-19122","page","type-page","status-publish","hentry"],"_links":{"self":[{"href":"https:\/\/hvac.condor.dz\/es\/wp-json\/wp\/v2\/pages\/19122","targetHints":{"allow":["GET"]}}],"collection":[{"href":"https:\/\/hvac.condor.dz\/es\/wp-json\/wp\/v2\/pages"}],"about":[{"href":"https:\/\/hvac.condor.dz\/es\/wp-json\/wp\/v2\/types\/page"}],"author":[{"embeddable":true,"href":"https:\/\/hvac.condor.dz\/es\/wp-json\/wp\/v2\/users\/1"}],"replies":[{"embeddable":true,"href":"https:\/\/hvac.condor.dz\/es\/wp-json\/wp\/v2\/comments?post=19122"}],"version-history":[{"count":0,"href":"https:\/\/hvac.condor.dz\/es\/wp-json\/wp\/v2\/pages\/19122\/revisions"}],"wp:attachment":[{"href":"https:\/\/hvac.condor.dz\/es\/wp-json\/wp\/v2\/media?parent=19122"}],"curies":[{"name":"wp","href":"https:\/\/api.w.org\/{rel}","templated":true}]}}