{"id":3,"date":"2024-02-17T13:19:31","date_gmt":"2024-02-17T13:19:31","guid":{"rendered":"https:\/\/climapro.com\/?page_id=3"},"modified":"2025-09-04T18:26:43","modified_gmt":"2025-09-04T10:26:43","slug":"politica-de-privacidad","status":"publish","type":"page","link":"https:\/\/hvac.condor.dz\/es\/politica-de-privacidad\/","title":{"rendered":"pol\u00edtica de privacidad"},"content":{"rendered":"<div data-elementor-type=\"wp-page\" data-elementor-id=\"3\" class=\"elementor elementor-3\" data-elementor-post-type=\"page\">\n\t\t\t\t<div class=\"wd-negative-gap elementor-element elementor-element-4afbe716 e-flex e-con-boxed e-con e-parent\" data-id=\"4afbe716\" data-element_type=\"container\">\n\t\t\t\t\t<div class=\"e-con-inner\">\n\t\t\t\t<div class=\"elementor-element elementor-element-49c430f9 color-scheme-inherit text-left elementor-widget elementor-widget-text-editor\" data-id=\"49c430f9\" data-element_type=\"widget\" data-widget_type=\"text-editor.default\">\n\t\t\t\t<div class=\"elementor-widget-container\">\n\t\t\t\t\t\t\t\t\t<div class=\"privacy-policy\">\n<h2>Pol\u00edtica de cookies<\/h2>\n<p>Utilizamos cookies en este sitio web para garantizar la mejor experiencia posible a nuestros usuarios. Las cookies se utilizan para diversos fines, como el funcionamiento del sitio y el an\u00e1lisis de datos. No utilizamos cookies para almacenar informaci\u00f3n personal identificable.<\/p>\n<h3>\u00bfQu\u00e9 es una cookie?<\/h3>\n<p>Una cookie es un peque\u00f1o archivo, generalmente compuesto de letras y n\u00fameros, que se descarga en un dispositivo cuando el usuario accede a determinados sitios web. Las cookies permiten que un sitio web reconozca el dispositivo de un usuario.<\/p>\n<p>Para obtener m\u00e1s informaci\u00f3n sobre las cookies, visite <a href=\"https:\/\/www.allaboutcookies.org\" target=\"_blank\" rel=\"noopener\">www.allaboutcookies.org<\/a>.<\/p>\n<h3>Tipos de cookies<\/h3>\n<ul>\n \t<li><strong>Cookies de sesi\u00f3n:<\/strong> Estas cookies permiten a los sitios web vincular las acciones de un usuario durante una sesi\u00f3n de navegaci\u00f3n. Pueden utilizarse para tareas como recordar los art\u00edculos de un carrito de compra o por motivos de seguridad. Las cookies de sesi\u00f3n caducan al finalizar la sesi\u00f3n de navegaci\u00f3n y no se almacenan a largo plazo.<\/li>\n \t<li><strong>Cookies persistentes:<\/strong> Estos datos se almacenan en el dispositivo del usuario entre sesiones de navegaci\u00f3n, lo que permite recordar las preferencias o acciones realizadas en un sitio web.<\/li>\n \t<li><strong>Cookies propias y de terceros:<\/strong> Las cookies propias son establecidas por el sitio web que se est\u00e1 visitando, mientras que las cookies de terceros son establecidas por un dominio distinto al que se est\u00e1 visitando.<\/li>\n<\/ul>\n<h3>Gesti\u00f3n de cookies<\/h3>\n<p>Si le preocupan las cookies y desea desactivar su uso, puede hacerlo en la configuraci\u00f3n de su navegador. A continuaci\u00f3n encontrar\u00e1 enlaces con instrucciones para los navegadores m\u00e1s populares:<\/p>\n<ul>\n \t<li><a href=\"https:\/\/support.microsoft.com\/en-us\/help\/17442\/windows-internet-explorer-delete-manage-cookies\" target=\"_blank\" rel=\"noopener\">Microsoft Internet Explorer<\/a><\/li>\n \t<li><a href=\"https:\/\/support.google.com\/chrome\/answer\/95647?hl=en\" target=\"_blank\" rel=\"noopener\">Google Chrome<\/a><\/li>\n \t<li><a href=\"https:\/\/support.apple.com\/en-us\/HT201265\" target=\"_blank\" rel=\"noopener\">Safari<\/a><\/li>\n \t<li><a href=\"https:\/\/support.mozilla.org\/en-US\/kb\/cookies-information-websites-store-on-your-computer\" target=\"_blank\" rel=\"noopener\">Mozilla Firefox<\/a><\/li>\n<\/ul>\n<p>Si su navegador no aparece en la lista, busque \u201cAdministrar cookies\u201d seguido del nombre de su navegador para obtener instrucciones detalladas.<\/p>\n<hr \/>\n<h2>pol\u00edtica de privacidad<\/h2>\n<h3>\u00bfQu\u00e9 informaci\u00f3n recopilamos?<\/h3>\n<p>Recopilamos informaci\u00f3n cuando se registra en nuestro sitio, se suscribe a nuestro bolet\u00edn informativo o completa un formulario. Al realizar un pedido o registrarse, es posible que le solicitemos su nombre, direcci\u00f3n de correo electr\u00f3nico, direcci\u00f3n postal o n\u00famero de tel\u00e9fono. Sin embargo, tambi\u00e9n puede visitar nuestro sitio de forma an\u00f3nima.<\/p>\n<h3>\u00bfC\u00f3mo utilizamos su informaci\u00f3n?<\/h3>\n<p>La informaci\u00f3n que recopilamos sobre usted puede utilizarse de las siguientes maneras:<\/p>\n<ul>\n \t<li>Para personalizar tu experiencia y responder mejor a tus necesidades individuales.<\/li>\n \t<li>Para mejorar nuestro sitio web y nuestros servicios bas\u00e1ndonos en los comentarios y an\u00e1lisis.<\/li>\n \t<li>Brindar un mejor servicio al cliente respondiendo eficazmente a las solicitudes de soporte.<\/li>\n \t<li>Para administrar concursos, promociones, encuestas u otras funciones del sitio.<\/li>\n \t<li>Para enviarle correos electr\u00f3nicos peri\u00f3dicos relacionados con sus solicitudes o servicios suscritos.<\/li>\n<\/ul>\n<p>Su informaci\u00f3n, ya sea p\u00fablica o privada, no ser\u00e1 vendida, intercambiada, transferida ni entregada a ninguna otra empresa sin su consentimiento, excepto en la medida necesaria para entregar el producto o servicio solicitado.<\/p>\n<h3>\u00bfC\u00f3mo protegemos su informaci\u00f3n?<\/h3>\n<p>Implementamos diversas medidas de seguridad para mantener la seguridad de su informaci\u00f3n personal cuando la introduce, la env\u00eda o accede a ella en nuestro sitio web.<\/p>\n<h3>\u00bfUtilizamos cookies?<\/h3>\n<p>S\u00ed. Usamos cookies para comprender y guardar sus preferencias para futuras visitas y recopilar datos agregados sobre el tr\u00e1fico y las interacciones del sitio. Podemos contratar proveedores de servicios externos para que nos ayuden a analizar los datos del sitio y mejorar la experiencia del usuario. Estos proveedores no est\u00e1n autorizados a usar la informaci\u00f3n recopilada para ning\u00fan otro fin que no sea el desarrollo y la mejora de nuestro negocio.<\/p>\n<h3>\u00bfDivulgamos informaci\u00f3n a terceros?<\/h3>\n<p>No vendemos, intercambiamos ni transferimos su informaci\u00f3n personal a terceros. Esto no incluye a terceros de confianza que nos ayudan a operar nuestro sitio web, gestionar nuestro negocio o prestarle servicios, siempre que se comprometan a mantener la confidencialidad de la informaci\u00f3n. Podemos divulgar su informaci\u00f3n para cumplir con requisitos legales, hacer cumplir las pol\u00edticas de nuestro sitio o proteger derechos, propiedad o seguridad. La informaci\u00f3n de los visitantes que no permita su identificaci\u00f3n personal puede compartirse con fines de marketing, publicidad u otros usos.<\/p>\n<h3>Enlaces de terceros<\/h3>\n<p>En ocasiones, podemos incluir enlaces a productos o servicios de terceros en nuestro sitio web. Estos sitios tienen pol\u00edticas de privacidad independientes, y no nos hacemos responsables de su contenido ni de sus actividades. Sin embargo, agradecemos sus comentarios para garantizar la integridad de nuestro sitio web.<\/p>\n<h3>Cumplimiento de la Ley de Protecci\u00f3n de la Privacidad Infantil en L\u00ednea (COPPA)<\/h3>\n<p>Cumplimos con los requisitos de la COPPA y no recopilamos informaci\u00f3n de menores de 13 a\u00f1os. Nuestro sitio web, productos y servicios est\u00e1n dirigidos a personas mayores de 13 a\u00f1os.<\/p>\n<h3>Pol\u00edtica de privacidad en l\u00ednea \u00fanicamente<\/h3>\n<p>Esta pol\u00edtica de privacidad se aplica \u00fanicamente a la informaci\u00f3n recopilada a trav\u00e9s de nuestro sitio web y no fuera de l\u00ednea.<\/p>\n<h3>Su consentimiento<\/h3>\n<p>Al utilizar nuestro sitio, usted acepta nuestra pol\u00edtica de privacidad.<\/p>\n<h3>Cambios en nuestra pol\u00edtica de privacidad<\/h3>\n<p>Si realizamos cambios en nuestra pol\u00edtica de privacidad, los publicaremos en esta p\u00e1gina. Esta pol\u00edtica se modific\u00f3 por \u00faltima vez el 20 de marzo de 2025.<\/p>\n<h3>Cont\u00e1ctanos<\/h3>\n<p>Si tiene alguna pregunta sobre esta pol\u00edtica de privacidad, p\u00f3ngase en contacto con nosotros:<\/p>\n<address>\n<strong>SPA CONDOR ELECTR\u00d3NICA<\/strong><br>\nZone D&#039;Activite Route De M&#039;sila, Bordj-Bou-Arreridj 34000, Argelia<br>\n<a href=\"tel:+213560037611\">+213 560 03 76 11<\/a><br>\n<a href=\"mailto:cac@condor.dz\">cac@condor.dz<\/a>\n<\/address>\n<\/div>\t\t\t\t\t\t\t\t<\/div>\n\t\t\t\t<\/div>\n\t\t\t\t\t<\/div>\n\t\t\t\t<\/div>\n\t\t\t\t<\/div>","protected":false},"excerpt":{"rendered":"<p>Cookie Policy We use cookies on this site to ensure the best possible experience for our users. Cookies are used<\/p>","protected":false},"author":1,"featured_media":0,"parent":0,"menu_order":0,"comment_status":"closed","ping_status":"closed","template":"","meta":{"footnotes":""},"class_list":["post-3","page","type-page","status-publish","hentry"],"_links":{"self":[{"href":"https:\/\/hvac.condor.dz\/es\/wp-json\/wp\/v2\/pages\/3","targetHints":{"allow":["GET"]}}],"collection":[{"href":"https:\/\/hvac.condor.dz\/es\/wp-json\/wp\/v2\/pages"}],"about":[{"href":"https:\/\/hvac.condor.dz\/es\/wp-json\/wp\/v2\/types\/page"}],"author":[{"embeddable":true,"href":"https:\/\/hvac.condor.dz\/es\/wp-json\/wp\/v2\/users\/1"}],"replies":[{"embeddable":true,"href":"https:\/\/hvac.condor.dz\/es\/wp-json\/wp\/v2\/comments?post=3"}],"version-history":[{"count":0,"href":"https:\/\/hvac.condor.dz\/es\/wp-json\/wp\/v2\/pages\/3\/revisions"}],"wp:attachment":[{"href":"https:\/\/hvac.condor.dz\/es\/wp-json\/wp\/v2\/media?parent=3"}],"curies":[{"name":"wp","href":"https:\/\/api.w.org\/{rel}","templated":true}]}}