{"id":17428,"date":"2025-01-14T12:27:15","date_gmt":"2025-01-14T04:27:15","guid":{"rendered":"https:\/\/climapro.com\/?page_id=17428"},"modified":"2025-09-17T11:53:14","modified_gmt":"2025-09-17T03:53:14","slug":"projets","status":"publish","type":"page","link":"https:\/\/hvac.condor.dz\/fr\/projets\/","title":{"rendered":"Projets"},"content":{"rendered":"<div data-elementor-type=\"wp-page\" data-elementor-id=\"17428\" class=\"elementor elementor-17428\" data-elementor-post-type=\"page\">\n\t\t\t\t<div class=\"wd-negative-gap elementor-element elementor-element-07dc18c e-flex e-con-boxed e-con e-parent\" data-id=\"07dc18c\" data-element_type=\"container\">\n\t\t\t\t\t<div class=\"e-con-inner\">\n\t\t<div class=\"elementor-element elementor-element-f4b3953 e-con-full e-flex e-con e-child\" data-id=\"f4b3953\" data-element_type=\"container\" data-settings=\"{&quot;background_background&quot;:&quot;classic&quot;,&quot;motion_fx_motion_fx_scrolling&quot;:&quot;yes&quot;,&quot;motion_fx_translateY_effect&quot;:&quot;yes&quot;,&quot;motion_fx_translateY_speed&quot;:{&quot;unit&quot;:&quot;px&quot;,&quot;size&quot;:4.1,&quot;sizes&quot;:[]},&quot;motion_fx_translateY_affectedRange&quot;:{&quot;unit&quot;:&quot;%&quot;,&quot;size&quot;:&quot;&quot;,&quot;sizes&quot;:{&quot;start&quot;:0,&quot;end&quot;:85}},&quot;motion_fx_scale_effect&quot;:&quot;yes&quot;,&quot;motion_fx_scale_speed&quot;:{&quot;unit&quot;:&quot;px&quot;,&quot;size&quot;:1,&quot;sizes&quot;:[]},&quot;motion_fx_scale_range&quot;:{&quot;unit&quot;:&quot;%&quot;,&quot;size&quot;:&quot;&quot;,&quot;sizes&quot;:{&quot;start&quot;:0,&quot;end&quot;:33}},&quot;motion_fx_scale_direction&quot;:&quot;out-in&quot;,&quot;motion_fx_devices&quot;:[&quot;desktop&quot;,&quot;tablet&quot;,&quot;mobile&quot;]}\">\n\t\t\t\t<div class=\"elementor-element elementor-element-d750e84 elementor-widget elementor-widget-heading\" data-id=\"d750e84\" data-element_type=\"widget\" data-widget_type=\"heading.default\">\n\t\t\t\t<div class=\"elementor-widget-container\">\n\t\t\t\t\t<h2 class=\"elementor-heading-title elementor-size-default\">Projets de r\u00e9f\u00e9rence nationale en mati\u00e8re de CVC de Condor<\/h2>\t\t\t\t<\/div>\n\t\t\t\t<\/div>\n\t\t\t\t<\/div>\n\t\t\t\t\t<\/div>\n\t\t\t\t<\/div>\n\t\t\t\t<div class=\"unlimited-elements-background-overlay\" data-forid=\"07dc18c\" data-location=\"back\" style=\"display:none\">\n\t\t\t<template>\n\t\t\t\n<!-- start Parallax Background -->\n<style>\/* widget: Parallax Background *\/\n\n#uc_parallax_background_bg_addon19317{\n  left: 0;\n  right: 0;\n  bottom: 0;\n  top: 0;\n  position: absolute;\n}\n\n#uc_parallax_background_bg_addon19317 .ue-parallax-item-wrapper{\n  position: absolute;\n}\n\n#uc_parallax_background_bg_addon19317 .simpleParallax{\n  height: 100%;\n}\n\/* parallax type background layer settings *\/\n\n  .elementor-repeater-item-fa8e6fb{\n\tleft: 50%;\n    top: 50%;\n    transform: translate(-50%, -50%);\n  }\n\n  .elementor-repeater-item-fa8e6fb,\n  .elementor-repeater-item-fa8e6fb .ue-parallax-item-inner,\n  .elementor-repeater-item-fa8e6fb .ue-parallax-item{\n\twidth: 100%;\n    height: 100%;\n  }\n\n\t\n\n\/* visibility settings *\/\n.elementor-repeater-item-fa8e6fb{\n  display: block;\n}\n\n@media only screen and (max-width: 1024px){\n\t.elementor-repeater-item-fa8e6fb{\n      display: block;\n    }\n}\n\n@media only screen and (max-width: 767px){\n\t.elementor-repeater-item-fa8e6fb{\n      display: block;\n    }\n}\n\/* parallax type background layer settings *\/\n\t\n\n\/* visibility settings *\/\n.elementor-repeater-item-f25b192{\n  display: block;\n}\n\n@media only screen and (max-width: 1024px){\n\t.elementor-repeater-item-f25b192{\n      display: block;\n    }\n}\n\n@media only screen and (max-width: 767px){\n\t.elementor-repeater-item-f25b192{\n      display: block;\n    }\n}\n\/* parallax type background layer settings *\/\n\t\n\n\/* visibility settings *\/\n.elementor-repeater-item-ff4ceee{\n  display: block;\n}\n\n@media only screen and (max-width: 1024px){\n\t.elementor-repeater-item-ff4ceee{\n      display: block;\n    }\n}\n\n@media only screen and (max-width: 767px){\n\t.elementor-repeater-item-ff4ceee{\n      display: block;\n    }\n}\n\/* parallax type background layer settings *\/\n\t\n\n\/* visibility settings *\/\n.elementor-repeater-item-54f4547{\n  display: block;\n}\n\n@media only screen and (max-width: 1024px){\n\t.elementor-repeater-item-54f4547{\n      display: block;\n    }\n}\n\n@media only screen and (max-width: 767px){\n\t.elementor-repeater-item-54f4547{\n      display: block;\n    }\n}\n\/* parallax type background layer settings *\/\n\t\n\n\/* visibility settings *\/\n.elementor-repeater-item-e547dd2{\n  display: block;\n}\n\n@media only screen and (max-width: 1024px){\n\t.elementor-repeater-item-e547dd2{\n      display: block;\n    }\n}\n\n@media only screen and (max-width: 767px){\n\t.elementor-repeater-item-e547dd2{\n      display: block;\n    }\n}\n\/* parallax type background layer settings *\/\n\t\n\n\/* visibility settings *\/\n.elementor-repeater-item-5e92890{\n  display: block;\n}\n\n@media only screen and (max-width: 1024px){\n\t.elementor-repeater-item-5e92890{\n      display: block;\n    }\n}\n\n@media only screen and (max-width: 767px){\n\t.elementor-repeater-item-5e92890{\n      display: block;\n    }\n}\n\/* parallax type background layer settings *\/\n\t\n\n\/* visibility settings *\/\n.elementor-repeater-item-395795a{\n  display: block;\n}\n\n@media only screen and (max-width: 1024px){\n\t.elementor-repeater-item-395795a{\n      display: block;\n    }\n}\n\n@media only screen and (max-width: 767px){\n\t.elementor-repeater-item-395795a{\n      display: block;\n    }\n}\n\n\n<\/style>\n\n<div id=\"uc_parallax_background_bg_addon19317\" class=\"ue-parallax\">\n  <div class=\"ue-parallax-wrapper\">    \n    <div class=\"ue-parallax-item-wrapper elementor-repeater-item-fa8e6fb\">\n  <div class=\"ue-parallax-item-inner\">\n  \n          <img decoding=\"async\" class=\"ue-parallax-item\" src=\"https:\/\/hvac.condor.dz\/wp-content\/smush-webp\/project-background.png.webp\" alt=\"contexte du projet\" \/>\n      \n  <\/div>  \n<\/div>\n<div class=\"ue-parallax-item-wrapper elementor-repeater-item-f25b192\">\n  <div class=\"ue-parallax-item-inner\">\n  \n          <img decoding=\"async\" class=\"ue-parallax-item\" src=\"https:\/\/hvac.condor.dz\/wp-content\/smush-webp\/project-2-R.png.webp\" alt=\"projet 2 R\" \/>\n      \n  <\/div>  \n<\/div>\n<div class=\"ue-parallax-item-wrapper elementor-repeater-item-ff4ceee\">\n  <div class=\"ue-parallax-item-inner\">\n  \n          <img decoding=\"async\" class=\"ue-parallax-item\" src=\"https:\/\/hvac.condor.dz\/wp-content\/smush-webp\/project-1-R.png.webp\" alt=\"projet 1 R\" \/>\n      \n  <\/div>  \n<\/div>\n<div class=\"ue-parallax-item-wrapper elementor-repeater-item-54f4547\">\n  <div class=\"ue-parallax-item-inner\">\n  \n          <img decoding=\"async\" class=\"ue-parallax-item\" src=\"https:\/\/hvac.condor.dz\/wp-content\/uploads\/project-4-R.png\" alt=\"projet 4 R\" \/>\n      \n  <\/div>  \n<\/div>\n<div class=\"ue-parallax-item-wrapper elementor-repeater-item-e547dd2\">\n  <div class=\"ue-parallax-item-inner\">\n  \n          <img decoding=\"async\" class=\"ue-parallax-item\" src=\"https:\/\/hvac.condor.dz\/wp-content\/smush-webp\/project-5-R.png.webp\" alt=\"projet 5 R\" \/>\n      \n  <\/div>  \n<\/div>\n<div class=\"ue-parallax-item-wrapper elementor-repeater-item-5e92890\">\n  <div class=\"ue-parallax-item-inner\">\n  \n          <img decoding=\"async\" class=\"ue-parallax-item\" src=\"https:\/\/hvac.condor.dz\/wp-content\/smush-webp\/project-7-R.png.webp\" alt=\"projet 7 R\" \/>\n      \n  <\/div>  \n<\/div>\n<div class=\"ue-parallax-item-wrapper elementor-repeater-item-395795a\">\n  <div class=\"ue-parallax-item-inner\">\n  \n          <img decoding=\"async\" class=\"ue-parallax-item\" src=\"https:\/\/hvac.condor.dz\/wp-content\/smush-webp\/project-6-R.png.webp\" alt=\"projet 6 R\" \/>\n      \n  <\/div>  \n<\/div>\n\n  <\/div>  \n<\/div>\n<script type=\"text\/javascript\"  id=\"ue_script_parallax_background\">\n\n\/* Parallax Background scripts: *\/ \n\njQuery(document).ready(function(){\nfunction uc_parallax_background_bg_addon19317_start(){\n\t\t\t\n\n  var objParallaxWidget = jQuery(\"#uc_parallax_background_bg_addon19317\");\n  var objItems = objParallaxWidget.find(\".ue-parallax-item\");\n  \n  \/**\n  * get array of orientations\n  *\/\n  \n  var itemsOrientationArray = [\n        \"up\",\n        \"up\",\n        \"down\",\n        \"up\",\n        \"down\",\n        \"up\",\n        \"up\",\n      ]; \n\n  \/**\n  * get array of sensitivity\n  *\/\n  var itemsSensitivityArray = [\n        \"1\",\n        \"1.8\",\n        \"1.5\",\n        \"2\",\n        \"1.5\",\n        \"1.5\",\n        \"2\",\n      ]; \n   \n  \/**\n  * get array of overflows\n  *\/\n  var itemsOverflowArray = [\n        \"false\",\n        \"true\",\n        \"true\",\n        \"true\",\n        \"true\",\n        \"true\",\n        \"true\",\n      ]; \n   \n  \/**\n  * get array of delays\n  *\/\n  var itemsDelayArray = [\n        \"0\",\n        \"0.3\",\n        \"0.3\",\n        \"0.3\",\n        \"0.2\",\n        \"0.3\",\n        \"0.3\",\n      ];  \n   \n  \/**\n  * get array of transitions\n  *\/\n  var itemsTransitionArray = [\n        \"ease\",\n        \"ease\",\n        \"ease\",\n        \"ease\",\n        \"ease\",\n        \"ease\",\n        \"ease\",\n      ];  \n   \n  \/**\n  * get array of scale directions\n  *\/\n  var itemSizeDirectionsArray = [\n        \"up\",\n        \"up\",\n        \"down\",\n        \"up\",\n        \"up\",\n        \"up\",\n        \"down\",\n      ];  \n   \n  \/**\n  * get array of scales\n  *\/\n  var itemSizeArray = [\n        \"0\",\n        \"2\",\n        \"2\",\n        \"3\",\n        \"2\",\n        \"1\",\n        \"2\",\n      ];  \n   \n  \/**\n  * get array of rotate directions\n  *\/\n  var itemRotateDirectionsArray = [\n        \"right\",\n        \"right\",\n        \"right\",\n        \"right\",\n        \"right\",\n        \"right\",\n        \"right\",\n      ];  \n   \n  \/**\n  * get array of rotates\n  *\/\n  var itemRotateArray = [\n        \"0\",\n        \"0\",\n        \"0\",\n        \"0\",\n        \"0\",\n        \"0\",\n        \"0\",\n      ];\n   \n  \/**\n  * get array of opacity directions\n  *\/\n  var itemOpacityDirectionsArray = [\n        \"fade-in\",\n        \"fade-in\",\n        \"fade-out\",\n        \"fade-in\",\n        \"fade-in\",\n        \"fade-in\",\n        \"fade-in\",\n      ];  \n   \n  \/**\n  * get array of opacities\n  *\/\n  var itemOpacityArray = [\n        \"0\",\n        \"10\",\n        \"10\",\n        \"2\",\n        \"4\",\n        \"5\",\n        \"7\",\n      ];\n\n  \/**\n  * for each item set its own parallax settings\n  *\/\n  objItems.each(function(index, parallaxElement){\n  \n    new simpleParallax(parallaxElement, {\n      \n        delay: itemsDelayArray[index], \/\/delay before transition\n        orientation: itemsOrientationArray[index], \/\/the direction of the transition\n        scale: itemsSensitivityArray[index], \/\/how visible the transition is\n        overflow: itemsOverflowArray[index] === \"true\", \/\/itemsOverflowArray[index] returns string, so make sure it's a boolean value \/ makes overflow hiden for the image container\n        transition: itemsTransitionArray[index], \/\/css transition\n        sizeDirection: itemSizeDirectionsArray[index], \/\/whether element is getting bigger or smaller\n        sizeSpeed: Number(itemSizeArray[index]), \/\/adjust size of the element during scroll using transform scale(n) css property - the bigger number the faster is change \/ make sure you set a number\n      \trotateDirection: itemRotateDirectionsArray[index], \/\/to right or to left\n      \trotateSpeed: Number(itemRotateArray[index]), \/\/how fast is the rotate\n        opacityDirection: itemOpacityDirectionsArray[index], \/\/fade-in \/ fade-out\n        opacityLevel: Number(itemOpacityArray[index]) \/\/how transparent element is (the higher number the more transparent becomes element)\n      \n    });    \n  \n  });\n    \t\n}if(jQuery(\"#uc_parallax_background_bg_addon19317\").length && !jQuery(\"#uc_parallax_background_bg_addon19317\").parents('[data-elementor-type=\"popup\"]').length) uc_parallax_background_bg_addon19317_start();\n\tjQuery( document ).on( 'elementor\/popup\/show', (event, id, objPopup) => {\n\tif(objPopup.$element.has(jQuery(\"#uc_parallax_background_bg_addon19317\")).length) uc_parallax_background_bg_addon19317_start()});\n});\n\t\t\t\n<\/script>\n<!-- end Parallax Background -->\t\t\t<\/template>\n\t\t<\/div>\n\t\t\n\t\t<div class=\"wd-negative-gap elementor-element elementor-element-5b4aa82 e-flex e-con-boxed e-con e-parent\" data-id=\"5b4aa82\" data-element_type=\"container\">\n\t\t\t\t\t<div class=\"e-con-inner\">\n\t\t\t\t<div class=\"elementor-element elementor-element-faf4d77 wd-width-100 elementor-widget elementor-widget-wd_portfolio\" data-id=\"faf4d77\" data-element_type=\"widget\" data-widget_type=\"wd_portfolio.default\">\n\t\t\t\t<div class=\"elementor-widget-container\">\n\t\t\t\t\t\t\t\t\t\t\n\t<article id=\"post-0\" class=\"post no-results not-found entry-content\">\n\t\t<h3 class=\"title\">Nothing Found<\/h3>\n\t\t<p>D\u00e9sol\u00e9, mais aucun r\u00e9sultat n&#039;a \u00e9t\u00e9 trouv\u00e9. Une recherche pourrait vous aider \u00e0 trouver un article similaire.<\/p>\n\t\t<div class=\"wd-search-form\">\n\n<form role=\"search\" method=\"get\" class=\"searchform  wd-style-default\" action=\"https:\/\/hvac.condor.dz\/fr\/\"  autocomplete=\"off\" data-trp-original-action=\"https:\/\/hvac.condor.dz\/fr\/\">\n\t<input type=\"text\" class=\"s\" placeholder=\"Search for posts\" value=\"\" name=\"s\" aria-label=\"Search\" title=\"Search for posts\" required>\n\t<input type=\"hidden\" name=\"post_type\" value=\"post\">\n\n\t<span tabindex=\"0\" aria-label=\"Clear search\" class=\"wd-clear-search wd-role-btn wd-hide\"><\/span>\n\n\t\n\t<button type=\"submit\" class=\"searchsubmit\">\n\t\t<span>\n\t\t\tSearch\t\t<\/span>\n\t\t\t<\/button>\n<input type=\"hidden\" name=\"trp-form-language\" value=\"fr\"\/><\/form>\n\n\n<\/div>\n\t<\/article>\n\t\t\t\t\t\t\t\t<\/div>\n\t\t\t\t<\/div>\n\t\t\t\t\t<\/div>\n\t\t\t\t<\/div>\n\t\t\t\t<\/div>","protected":false},"excerpt":{"rendered":"<p>Condor National Reference HVAC Projects Nothing Found Apologies, but no results were found. Perhaps searching will help find a related<\/p>","protected":false},"author":1,"featured_media":0,"parent":0,"menu_order":0,"comment_status":"closed","ping_status":"closed","template":"","meta":{"footnotes":""},"class_list":["post-17428","page","type-page","status-publish","hentry"],"_links":{"self":[{"href":"https:\/\/hvac.condor.dz\/fr\/wp-json\/wp\/v2\/pages\/17428","targetHints":{"allow":["GET"]}}],"collection":[{"href":"https:\/\/hvac.condor.dz\/fr\/wp-json\/wp\/v2\/pages"}],"about":[{"href":"https:\/\/hvac.condor.dz\/fr\/wp-json\/wp\/v2\/types\/page"}],"author":[{"embeddable":true,"href":"https:\/\/hvac.condor.dz\/fr\/wp-json\/wp\/v2\/users\/1"}],"replies":[{"embeddable":true,"href":"https:\/\/hvac.condor.dz\/fr\/wp-json\/wp\/v2\/comments?post=17428"}],"version-history":[{"count":39,"href":"https:\/\/hvac.condor.dz\/fr\/wp-json\/wp\/v2\/pages\/17428\/revisions"}],"predecessor-version":[{"id":20552,"href":"https:\/\/hvac.condor.dz\/fr\/wp-json\/wp\/v2\/pages\/17428\/revisions\/20552"}],"wp:attachment":[{"href":"https:\/\/hvac.condor.dz\/fr\/wp-json\/wp\/v2\/media?parent=17428"}],"curies":[{"name":"wp","href":"https:\/\/api.w.org\/{rel}","templated":true}]}}