{"id":19122,"date":"2025-03-20T21:16:53","date_gmt":"2025-03-20T13:16:53","guid":{"rendered":"https:\/\/climapro.com\/?page_id=19122"},"modified":"2025-09-04T18:25:29","modified_gmt":"2025-09-04T10:25:29","slug":"termes-et-conditions","status":"publish","type":"page","link":"https:\/\/hvac.condor.dz\/fr\/termes-et-conditions\/","title":{"rendered":"Termes et conditions"},"content":{"rendered":"<div data-elementor-type=\"wp-page\" data-elementor-id=\"19122\" class=\"elementor elementor-19122\" data-elementor-post-type=\"page\">\n\t\t\t\t<div class=\"wd-negative-gap elementor-element elementor-element-4afbe716 e-flex e-con-boxed e-con e-parent\" data-id=\"4afbe716\" data-element_type=\"container\">\n\t\t\t\t\t<div class=\"e-con-inner\">\n\t\t\t\t<div class=\"elementor-element elementor-element-49c430f9 color-scheme-inherit text-left elementor-widget elementor-widget-text-editor\" data-id=\"49c430f9\" data-element_type=\"widget\" data-widget_type=\"text-editor.default\">\n\t\t\t\t<div class=\"elementor-widget-container\">\n\t\t\t\t\t\t\t\t\t<h2>Conditions g\u00e9n\u00e9rales du site Condor Climatisation Centralis\u00e9e<\/h2>\n<p>Les pr\u00e9sentes conditions g\u00e9n\u00e9rales d\u00e9finissent les r\u00e8gles et r\u00e9glementations relatives \u00e0 l&#039;utilisation du site web de SPA CONDOR ELECTRONICS pour ses services de climatisation centralis\u00e9e Condor.<\/p>\n<p>En acc\u00e9dant \u00e0 ce site web, vous acceptez pleinement les pr\u00e9sentes conditions g\u00e9n\u00e9rales. Si vous n&#039;acceptez pas l&#039;int\u00e9gralit\u00e9 des conditions g\u00e9n\u00e9rales \u00e9nonc\u00e9es sur cette page, veuillez ne pas poursuivre votre navigation sur le site web de Condor Climatisation Centralis\u00e9e.<\/p>\n<hr \/>\n<h3>Terminologie<\/h3>\n<p>La terminologie suivante s&#039;applique aux pr\u00e9sentes Conditions g\u00e9n\u00e9rales, \u00e0 la D\u00e9claration de confidentialit\u00e9, \u00e0 l&#039;Avis de non-responsabilit\u00e9 et \u00e0 tous les Accords\u00a0:<\/p>\n<ul>\n \t<li><strong>\u201c Client \u201d, \u201c Vous \u201d et \u201c Votre \u201d<\/strong> se r\u00e9f\u00e8re \u00e0 vous, la personne acc\u00e9dant \u00e0 ce site web et se conformant aux conditions g\u00e9n\u00e9rales de SPA CONDOR ELECTRONICS.<\/li>\n \t<li><strong>\u201c\u00a0Soci\u00e9t\u00e9\u00a0\u201d, \u201c\u00a0Nous\u00a0\u201d, \u201c\u00a0Notre\u00a0\u201d et \u201c\u00a0Nos\u00a0\u201d<\/strong> se r\u00e9f\u00e9rer \u00e0 SPA CONDOR ELECTRONICS.<\/li>\n \t<li><strong>\u201c\u00a0Party\u00a0\u201d, \u201c\u00a0Parties\u00a0\u201d ou \u201c\u00a0Nous\u00a0\u201d<\/strong> Cela concerne \u00e0 la fois le Client et nous-m\u00eames.<\/li>\n<\/ul>\n<p>Tous les termes font r\u00e9f\u00e9rence \u00e0 l&#039;offre, \u00e0 l&#039;acceptation et \u00e0 la contrepartie n\u00e9cessaires \u00e0 la mise en \u0153uvre de l&#039;assistance au Client de la mani\u00e8re la plus appropri\u00e9e, express\u00e9ment dans le but de r\u00e9pondre \u00e0 ses besoins concernant la fourniture des services de SPA CONDOR ELECTRONICS, conform\u00e9ment \u00e0 la l\u00e9gislation alg\u00e9rienne applicable. Toute utilisation de la terminologie ci-dessus ou d&#039;autres termes au singulier, au pluriel, avec ou sans majuscules, ou encore l&#039;emploi des pronoms \u00ab il\/elle \u00bb ou \u00ab ils\/elles \u00bb, est consid\u00e9r\u00e9e comme interchangeable et se r\u00e9f\u00e8re donc \u00e0 la m\u00eame chose.<\/p>\n<hr \/>\n<h3>Cookies<\/h3>\n<p>Nous utilisons des cookies. En acc\u00e9dant au site web de Condor Climatisation Centralis\u00e9e, vous acceptez l&#039;utilisation de cookies conform\u00e9ment \u00e0 la politique de confidentialit\u00e9 de SPA CONDOR ELECTRONICS.<\/p>\n<p>Des cookies sont utilis\u00e9s pour am\u00e9liorer le fonctionnement et l&#039;exp\u00e9rience utilisateur sur notre site web. Certaines fonctionnalit\u00e9s peuvent d\u00e9pendre des cookies pour fonctionner correctement. De plus, certains de nos partenaires publicitaires et affili\u00e9s peuvent \u00e9galement utiliser des cookies.<\/p>\n<hr \/>\n<h3>Propri\u00e9t\u00e9 intellectuelle<\/h3>\n<p>Sauf indication contraire, SPA CONDOR ELECTRONICS et\/ou ses conc\u00e9dants de licence d\u00e9tiennent les droits de propri\u00e9t\u00e9 intellectuelle sur l&#039;ensemble du contenu de ce site web. Tous droits r\u00e9serv\u00e9s. Vous pouvez acc\u00e9der au contenu du site web de Condor Climatisation Centralis\u00e9e pour un usage strictement personnel, sous r\u00e9serve des restrictions \u00e9nonc\u00e9es dans les pr\u00e9sentes conditions g\u00e9n\u00e9rales.<\/p>\n<p>Vous ne devez pas :<\/p>\n<ul>\n \t<li>Republier le contenu du site web.<\/li>\n \t<li>Vendre, louer ou conc\u00e9der sous licence le contenu du site web.<\/li>\n \t<li>Reproduire, dupliquer ou copier le contenu du site web.<\/li>\n \t<li>Redistribuer le contenu sans autorisation.<\/li>\n<\/ul>\n<hr \/>\n<h3>Contenu g\u00e9n\u00e9r\u00e9 par les utilisateurs<\/h3>\n<p>Certaines sections du site web permettent aux utilisateurs de publier et d&#039;\u00e9changer des opinions, des informations et d&#039;autres contenus (\u201c\u00a0Commentaires\u00a0\u201d). SPA CONDOR ELECTRONICS ne mod\u00e8re ni ne contr\u00f4le les Commentaires avant leur publication sur le site web. Les Commentaires refl\u00e8tent les points de vue et opinions de leurs auteurs et ne repr\u00e9sentent pas ceux de la Soci\u00e9t\u00e9.<\/p>\n<p>La soci\u00e9t\u00e9 se r\u00e9serve le droit de surveiller tous les commentaires et de supprimer ceux jug\u00e9s inappropri\u00e9s, offensants ou contraires aux pr\u00e9sentes conditions.<\/p>\n<p>En publiant des commentaires, vous garantissez que\u00a0:<\/p>\n<ul>\n \t<li>Vous poss\u00e9dez ou disposez des droits n\u00e9cessaires pour publier un tel contenu.<\/li>\n \t<li>Le contenu ne porte atteinte \u00e0 aucun droit de propri\u00e9t\u00e9 intellectuelle, \u00e0 la vie priv\u00e9e ou \u00e0 tout autre droit l\u00e9gal.<\/li>\n \t<li>Le contenu n&#039;est ni diffamatoire, ni injurieux, ni offensant, ni ill\u00e9gal.<\/li>\n \t<li>Le contenu ne sera pas utilis\u00e9 \u00e0 des fins commerciales non sollicit\u00e9es.<\/li>\n<\/ul>\n<p>Vous accordez \u00e0 SPA CONDOR ELECTRONICS une licence non exclusive et gratuite d&#039;utilisation, de reproduction et de distribution de vos commentaires sur tous supports.<\/p>\n<hr \/>\n<h3>Lien hypertexte vers notre contenu<\/h3>\n<p>Les organismes tels que les agences gouvernementales, les moteurs de recherche et les agences de presse peuvent cr\u00e9er un lien vers notre site Web sans autorisation pr\u00e9alable. D&#039;autres entit\u00e9s peuvent demander l&#039;autorisation d&#039;\u00e9tablir un lien hypertexte, sous r\u00e9serve des conditions suivantes\u00a0:<\/p>\n<ul>\n \t<li>Le lien n&#039;est ni trompeur ni mensonger.<\/li>\n \t<li>Ce lien n&#039;implique pas faussement un parrainage ou une approbation.<\/li>\n \t<li>Le lien s&#039;inscrit parfaitement dans le contexte du site web de la partie qui \u00e9tablit le lien.<\/li>\n<\/ul>\n<p>Pour demander une approbation, envoyez-nous un courriel \u00e0 <a href=\"mailto:cac@condor.dz\">cac@condor.dz<\/a> avec les informations concernant votre organisation et les liens pr\u00e9vus.<\/p>\n<hr \/>\n<h3>iFrames<\/h3>\n<p>Sans autorisation \u00e9crite pr\u00e9alable, vous ne pouvez pas cr\u00e9er de cadres autour de nos pages Web qui modifient la pr\u00e9sentation visuelle ou l&#039;apparence du site Web.<\/p>\n<hr \/>\n<h3>Responsabilit\u00e9 du contenu<\/h3>\n<p>Nous d\u00e9clinons toute responsabilit\u00e9 quant au contenu des sites web externes accessibles via des liens depuis notre site. En cr\u00e9ant un lien vers notre site, vous acceptez de nous indemniser contre toute r\u00e9clamation relative au contenu de votre site web.<\/p>\n<hr \/>\n<h3>R\u00e9serve de droits<\/h3>\n<p>Nous nous r\u00e9servons le droit d&#039;exiger la suppression de tout ou partie des liens vers notre site web. Vous vous engagez \u00e0 supprimer ces liens imm\u00e9diatement sur simple demande. Par ailleurs, nous pouvons modifier ces conditions et notre politique de liens \u00e0 tout moment.<\/p>\n<hr \/>\n<h3>Clause de non-responsabilit\u00e9<\/h3>\n<p>Dans toute la mesure permise par la loi alg\u00e9rienne, nous excluons toute garantie, d\u00e9claration et condition relative \u00e0 notre site web et \u00e0 son utilisation. Rien dans cette clause de non-responsabilit\u00e9 ne saurait\u00a0:<\/p>\n<ul>\n \t<li>Limiter ou exclure la responsabilit\u00e9 en cas de d\u00e9c\u00e8s ou de dommages corporels caus\u00e9s par n\u00e9gligence.<\/li>\n \t<li>Limiter ou exclure la responsabilit\u00e9 en cas de fraude ou de fausse d\u00e9claration frauduleuse.<\/li>\n \t<li>Limiter les responsabilit\u00e9s de toute mani\u00e8re non autoris\u00e9e par la loi applicable.<\/li>\n \t<li>Exclure les responsabilit\u00e9s qui ne peuvent \u00eatre exclues en vertu du droit applicable.<\/li>\n<\/ul>\n<p>Tant que le site web et son contenu sont fournis gratuitement, nous ne serons pas responsables des pertes ou dommages de quelque nature que ce soit.<\/p>\n<hr \/>\n<h3>Suppression de contenu<\/h3>\n<p>Si vous rep\u00e9rez sur notre site web un contenu que vous jugez r\u00e9pr\u00e9hensible, veuillez nous contacter \u00e0 l&#039;adresse suivante\u00a0: <a href=\"mailto:cac@condor.dz\">cac@condor.dz<\/a>. Nous examinerons toutes les demandes de suppression, mais nous ne sommes pas tenus d&#039;y donner suite ni d&#039;y r\u00e9pondre directement.<\/p>\n<hr \/>\n<h3>Coordonn\u00e9es<\/h3>\n<p><strong>SPA CONDOR ELECTRONICS<\/strong><br>\nZone D&#039;Activite Route De M&#039;sila, Bordj-Bou-Arreridj 34000, Alg\u00e9rie<br>\nT\u00e9l\u00e9phone\/WhatsApp\u00a0: <a href=\"tel:+213560037611\">+213 560 03 76 11<\/a><br>\nE-mail: <a href=\"mailto:cac@condor.dz\">cac@condor.dz<\/a><\/p>\n<hr \/>\n<p><strong>Derni\u00e8re mise \u00e0 jour\u00a0:<\/strong> 20 mars 2025<\/p>\n<p>Si vous avez des questions ou des inqui\u00e9tudes, veuillez nous contacter par courriel \u00e0 l&#039;adresse suivante : <a href=\"mailto:cac@condor.dz\">cac@condor.dz<\/a>.<\/p>\t\t\t\t\t\t\t\t<\/div>\n\t\t\t\t<\/div>\n\t\t\t\t\t<\/div>\n\t\t\t\t<\/div>\n\t\t\t\t<\/div>","protected":false},"excerpt":{"rendered":"<p>Terms and Conditions for Condor Climatisation Centralis\u00e9e Website These terms and conditions outline the rules and regulations for the use<\/p>","protected":false},"author":1,"featured_media":0,"parent":0,"menu_order":0,"comment_status":"closed","ping_status":"closed","template":"","meta":{"footnotes":""},"class_list":["post-19122","page","type-page","status-publish","hentry"],"_links":{"self":[{"href":"https:\/\/hvac.condor.dz\/fr\/wp-json\/wp\/v2\/pages\/19122","targetHints":{"allow":["GET"]}}],"collection":[{"href":"https:\/\/hvac.condor.dz\/fr\/wp-json\/wp\/v2\/pages"}],"about":[{"href":"https:\/\/hvac.condor.dz\/fr\/wp-json\/wp\/v2\/types\/page"}],"author":[{"embeddable":true,"href":"https:\/\/hvac.condor.dz\/fr\/wp-json\/wp\/v2\/users\/1"}],"replies":[{"embeddable":true,"href":"https:\/\/hvac.condor.dz\/fr\/wp-json\/wp\/v2\/comments?post=19122"}],"version-history":[{"count":0,"href":"https:\/\/hvac.condor.dz\/fr\/wp-json\/wp\/v2\/pages\/19122\/revisions"}],"wp:attachment":[{"href":"https:\/\/hvac.condor.dz\/fr\/wp-json\/wp\/v2\/media?parent=19122"}],"curies":[{"name":"wp","href":"https:\/\/api.w.org\/{rel}","templated":true}]}}