{"id":275,"date":"2022-05-23T11:09:46","date_gmt":"2022-05-23T11:09:46","guid":{"rendered":"http:\/\/dummy.xtemos.com\/woodmart2\/megamarket-elementor\/?page_id=275"},"modified":"2022-05-23T11:09:46","modified_gmt":"2022-05-23T11:09:46","slug":"a-propos-de-nous","status":"publish","type":"page","link":"https:\/\/hvac.condor.dz\/fr\/a-propos-de-nous\/","title":{"rendered":"\u00c0 propos de nous"},"content":{"rendered":"<div data-elementor-type=\"wp-page\" data-elementor-id=\"275\" class=\"elementor elementor-275\" data-elementor-post-type=\"page\">\n\t\t\t\t<div class=\"wd-negative-gap elementor-element elementor-element-b9b6a90 e-flex e-con-boxed e-con e-parent\" data-id=\"b9b6a90\" data-element_type=\"container\">\n\t\t\t\t\t<div class=\"e-con-inner\">\n\t\t<div class=\"elementor-element elementor-element-9cbcb1a e-con-full e-flex e-con e-child\" data-id=\"9cbcb1a\" data-element_type=\"container\">\n\t\t\t\t<div class=\"elementor-element elementor-element-27806e0 wd-width-100 elementor-widget elementor-widget-wd_title\" data-id=\"27806e0\" data-element_type=\"widget\" data-widget_type=\"wd_title.default\">\n\t\t\t\t<div class=\"elementor-widget-container\">\n\t\t\t\t\t\t\t<div class=\"title-wrapper wd-set-mb reset-last-child wd-title-color-default wd-title-style-default wd-title-size-large text-left\">\n\n\t\t\t\n\t\t\t<div class=\"liner-continer\">\n\t\t\t\t<h4 class=\"woodmart-title-container title wd-fontsize-xxl\">Conna\u00eetre Megamarket<\/h4> \n\t\t\t\t\t\t\t<\/div>\n\n\t\t\t\t\t<\/div>\n\t\t\t\t\t\t<\/div>\n\t\t\t\t<\/div>\n\t\t\t\t<div class=\"elementor-element elementor-element-bd2c400 elementor-widget elementor-widget-wd_text_block\" data-id=\"bd2c400\" data-element_type=\"widget\" data-widget_type=\"wd_text_block.default\">\n\t\t\t\t<div class=\"elementor-widget-container\">\n\t\t\t\t\t\t\t<div class=\"wd-text-block reset-last-child text-left\">\n\t\t\t\n\t\t\t<p>Au pire, la discussion s'oriente vers l'objectif final de votre site, ce qui n'est pas le cas des questions sur le lorem ipsum. Si vous vous y prenez mal, le projet de texte peut faire d\u00e9railler votre revue de conception.<\/p>\n<blockquote><p>Faites de vos dirigeants un avantage concurrentiel. Reconnectez votre pouvoir de leader au succ\u00e8s<\/p><\/blockquote>\n\n\t\t\t\t\t<\/div>\n\t\t\t\t\t\t<\/div>\n\t\t\t\t<\/div>\n\t\t\t\t<\/div>\n\t\t<div class=\"elementor-element elementor-element-3659915 e-con-full e-flex e-con e-child\" data-id=\"3659915\" data-element_type=\"container\">\n\t\t\t\t<div class=\"elementor-element elementor-element-b1e0ae7 wd-width-100 elementor-widget elementor-widget-wd_video\" data-id=\"b1e0ae7\" data-element_type=\"widget\" data-widget_type=\"wd_video.default\">\n\t\t\t\t<div class=\"elementor-widget-container\">\n\t\t\t\t\t\n\t\t<div class=\"wd-el-video wd-action-overlay wd-video-youtube wd-with-aspect-ratio wd-lightbox\">\n\t\t\t\n\t\t\t\n\t\t\t\n\t\t\t\t\t\t\t<div class=\"wd-el-video-overlay wd-fill\">\n\t\t\t\t\t<img loading=\"lazy\" decoding=\"async\" width=\"670\" height=\"670\" src=\"https:\/\/hvac.condor.dz\/wp-content\/smush-webp\/2022\/05\/banner-2.jpg.webp\" class=\"attachment-full size-full\" alt=\"\" \/>\t\t\t\t<\/div>\n\t\t\t\t<div class=\"wd-el-video-control color-scheme-light wd-fill\">\n\t\t\t\t\t<span class=\"wd-el-video-play-btn\"><\/span>\n\t\t\t\t\t\t\t\t\t<\/div>\n\n\t\t\t\t<a class=\"wd-el-video-link wd-el-video-btn-overlay wd-fill wd-el-video-lightbox\" href=\"https:\/\/www.youtube.com\/watch?v=XHOmBV4js_E\" aria-label=\"Play video\" target=\"_blank\" rel=\"noopener\"><\/a>\n\t\t\t\t\t<\/div>\n\t\t\t\t\t\t<\/div>\n\t\t\t\t<\/div>\n\t\t\t\t<\/div>\n\t\t\t\t\t<\/div>\n\t\t\t\t<\/div>\n\t\t<div class=\"wd-negative-gap elementor-element elementor-element-7e2bb63 e-flex e-con-boxed e-con e-parent\" data-id=\"7e2bb63\" data-element_type=\"container\">\n\t\t\t\t\t<div class=\"e-con-inner\">\n\t\t<div class=\"elementor-element elementor-element-52dbbb5 e-con-full e-flex e-con e-child\" data-id=\"52dbbb5\" data-element_type=\"container\">\n\t\t\t\t<div class=\"elementor-element elementor-element-c17fd5d wd-width-100 elementor-widget elementor-widget-wd_title\" data-id=\"c17fd5d\" data-element_type=\"widget\" data-widget_type=\"wd_title.default\">\n\t\t\t\t<div class=\"elementor-widget-container\">\n\t\t\t\t\t\t\t<div class=\"title-wrapper wd-set-mb reset-last-child wd-title-color-default wd-title-style-default wd-title-size-medium text-left\">\n\n\t\t\t\n\t\t\t<div class=\"liner-continer\">\n\t\t\t\t<h4 class=\"woodmart-title-container title wd-fontsize-xl\">Ce que les gens disent de nous<\/h4> \n\t\t\t\t\t\t\t<\/div>\n\n\t\t\t\t\t<\/div>\n\t\t\t\t\t\t<\/div>\n\t\t\t\t<\/div>\n\t\t\t\t<div class=\"elementor-element elementor-element-209a176 elementor-widget elementor-widget-wd_testimonials\" data-id=\"209a176\" data-element_type=\"widget\" data-widget_type=\"wd_testimonials.default\">\n\t\t\t\t<div class=\"elementor-widget-container\">\n\t\t\t\t\t\t\t<div class=\"testimonials testimon-style-info-top  color-scheme- wd-carousel-container\" id=\"carousel-3947\">\n\t\t\t\t\t\t\t<div class=\"wd-carousel-inner\">\n\t\t\t\n\t\t\t<div class=\"wd-carousel wd-grid\" data-scroll_per_page=\"yes\" style=\"--wd-col-lg:1;--wd-col-md:1;--wd-col-sm:1;--wd-gap-lg:20px;--wd-gap-sm:10px;\">\n\t\t\t\t\t\t\t\t\t<div class=\"wd-carousel-wrap\">\n\t\t\t\t\n\t\t\t\t\t\t\t\t\t\n<div class=\"wd-testimon wd-carousel-item\">\n\t<div class=\"wd-testimon-info\">\n\t\t\t\t\t<div class=\"wd-testimon-thumb\">\n\t\t\t\t<img loading=\"lazy\" decoding=\"async\" width=\"100\" height=\"100\" src=\"https:\/\/hvac.condor.dz\/wp-content\/smush-webp\/2022\/05\/megamarket-testimonials-pic-3.jpg.webp\" class=\"testimonial-avatar-image\" alt=\"\" \/>\t\t\t<\/div>\n\t\t\n\t\t<div class=\"wd-testimon-bio\">\n\t\t\t\t\t\t\t<div class=\"wd-testimon-name title\">\n\t\t\t\t\tKingsley Chandler\t\t\t\t<\/div>\n\t\t\t\n\t\t\t\t\t\t\t<div class=\"wd-testimon-pos\">\n\t\t\t\t\tClient\t\t\t\t<\/div>\n\t\t\t\n\t\t\t<div class=\"star-rating\">\n\t\t\t\t<span style=\"width:100%\"><\/span>\n\t\t\t<\/div>\n\t\t<\/div>\n\t<\/div>\n\n\t\t\t<div class=\"wd-testimon-text reset-last-child\">\n\t\t\t<p>Le Lorem ipsum, ou lipsum comme on l'appelle parfois, est un texte factice utilis\u00e9 dans la mise en page d'imprim\u00e9s, de graphiques ou de sites web.<\/p>\t\t<\/div>\n\t<\/div>\t\t\t\t\t\t\t\t\t\n<div class=\"wd-testimon wd-carousel-item\">\n\t<div class=\"wd-testimon-info\">\n\t\t\t\t\t<div class=\"wd-testimon-thumb\">\n\t\t\t\t<img loading=\"lazy\" decoding=\"async\" width=\"100\" height=\"100\" src=\"https:\/\/hvac.condor.dz\/wp-content\/smush-webp\/2022\/05\/megamarket-testimonials-pic-2.jpg.webp\" class=\"testimonial-avatar-image\" alt=\"\" \/>\t\t\t<\/div>\n\t\t\n\t\t<div class=\"wd-testimon-bio\">\n\t\t\t\t\t\t\t<div class=\"wd-testimon-name title\">\n\t\t\t\t\tOrson Lancaster\t\t\t\t<\/div>\n\t\t\t\n\t\t\t\t\t\t\t<div class=\"wd-testimon-pos\">\n\t\t\t\t\tClient\t\t\t\t<\/div>\n\t\t\t\n\t\t\t<div class=\"star-rating\">\n\t\t\t\t<span style=\"width:100%\"><\/span>\n\t\t\t<\/div>\n\t\t<\/div>\n\t<\/div>\n\n\t\t\t<div class=\"wd-testimon-text reset-last-child\">\n\t\t\t<p>Si le texte devient g\u00eanant dans la conception, c'est que vous faites quelque chose de mal ou qu'ils discutent des modifications \u00e0 apporter au texte.<\/p>\t\t<\/div>\n\t<\/div>\t\t\t\t\t\t\t\t\t\n<div class=\"wd-testimon wd-carousel-item\">\n\t<div class=\"wd-testimon-info\">\n\t\t\t\t\t<div class=\"wd-testimon-thumb\">\n\t\t\t\t<img loading=\"lazy\" decoding=\"async\" width=\"100\" height=\"100\" src=\"https:\/\/hvac.condor.dz\/wp-content\/smush-webp\/2022\/05\/megamarket-testimonials-pic-1.jpg.webp\" class=\"testimonial-avatar-image\" alt=\"\" \/>\t\t\t<\/div>\n\t\t\n\t\t<div class=\"wd-testimon-bio\">\n\t\t\t\t\t\t\t<div class=\"wd-testimon-name title\">\n\t\t\t\t\tHarleigh Dodson\t\t\t\t<\/div>\n\t\t\t\n\t\t\t\t\t\t\t<div class=\"wd-testimon-pos\">\n\t\t\t\t\tClient\t\t\t\t<\/div>\n\t\t\t\n\t\t\t<div class=\"star-rating\">\n\t\t\t\t<span style=\"width:100%\"><\/span>\n\t\t\t<\/div>\n\t\t<\/div>\n\t<\/div>\n\n\t\t\t<div class=\"wd-testimon-text reset-last-child\">\n\t\t\t<p>Dans le pire des cas, la discussion permet au moins d'atteindre l'objectif final de votre site, ce qui n'est pas le cas des questions sur le sujet.<\/p>\t\t<\/div>\n\t<\/div>\t\t\t\t\n\t\t\t\t\t\t\t\t\t<\/div>\n\t\t\t\t\t\t\t<\/div>\n\t\t\t\t\t\t\t\t\t\t\t\t\t\t<div class=\"wd-nav-arrows wd-pos-sep wd-hover-1 wd-icon-1\">\n\t\t\t<div class=\"wd-btn-arrow wd-prev wd-disabled\">\n\t\t\t\t<div class=\"wd-arrow-inner\"><\/div>\n\t\t\t<\/div>\n\t\t\t<div class=\"wd-btn-arrow wd-next\">\n\t\t\t\t<div class=\"wd-arrow-inner\"><\/div>\n\t\t\t<\/div>\n\t\t<\/div>\n\t\t\t\t\t\t\n\t\t\t\t<\/div>\n\n\t\t\t\t\t\t\t\t\t\t\t\t\t<\/div>\n\t\t\t\t\t\t<\/div>\n\t\t\t\t<\/div>\n\t\t\t\t<div class=\"elementor-element elementor-element-2b3bdf9 wd-width-100 elementor-widget elementor-widget-wd_title\" data-id=\"2b3bdf9\" data-element_type=\"widget\" data-widget_type=\"wd_title.default\">\n\t\t\t\t<div class=\"elementor-widget-container\">\n\t\t\t\t\t\t\t<div class=\"title-wrapper wd-set-mb reset-last-child wd-title-color-default wd-title-style-default wd-title-size-medium text-left\">\n\n\t\t\t\n\t\t\t<div class=\"liner-continer\">\n\t\t\t\t<h4 class=\"woodmart-title-container title wd-fontsize-xl\">Qui nous servons<\/h4> \n\t\t\t\t\t\t\t<\/div>\n\n\t\t\t\t\t<\/div>\n\t\t\t\t\t\t<\/div>\n\t\t\t\t<\/div>\n\t\t\t\t<div class=\"elementor-element elementor-element-b504e17 elementor-widget elementor-widget-wd_text_block\" data-id=\"b504e17\" data-element_type=\"widget\" data-widget_type=\"wd_text_block.default\">\n\t\t\t\t<div class=\"elementor-widget-container\">\n\t\t\t\t\t\t\t<div class=\"wd-text-block reset-last-child text-left\">\n\t\t\t\n\t\t\t<p>Demander au client de ne pas pr\u00eater attention au Lorem Ipsum n'est pas difficile puisqu'il n'a pas de sens en premier lieu, ce qui limitera tout int\u00e9r\u00eat initial assez rapidement. En revanche, si vous demandez \u00e0 un client d'ignorer le projet de texte, vous vous exposez \u00e0 une situation inextricable. Chaque fois qu'un projet de texte est \u00e9voqu\u00e9 au cours d'une r\u00e9union, des questions confuses s'ensuivent.<\/p><p>Le Lorem Ipsum est n\u00e9cessaire parce que les mots ont une grande importance. Il suffit de remplir une page avec un projet de texte sur l'activit\u00e9 du client pour qu'il le lise et le commente. Ils seront attir\u00e9s par ce texte, f\u00e9rocement.<\/p>\n\t\t\t\t\t<\/div>\n\t\t\t\t\t\t<\/div>\n\t\t\t\t<\/div>\n\t\t\t\t<\/div>\n\t\t<div class=\"elementor-element elementor-element-e6479af e-con-full e-flex e-con e-child\" data-id=\"e6479af\" data-element_type=\"container\">\n\t\t\t\t<div class=\"elementor-element elementor-element-f9cfa35 wd-width-100 elementor-widget elementor-widget-wd_title\" data-id=\"f9cfa35\" data-element_type=\"widget\" data-widget_type=\"wd_title.default\">\n\t\t\t\t<div class=\"elementor-widget-container\">\n\t\t\t\t\t\t\t<div class=\"title-wrapper wd-set-mb reset-last-child wd-title-color-default wd-title-style-default wd-title-size-medium text-left\">\n\n\t\t\t\n\t\t\t<div class=\"liner-continer\">\n\t\t\t\t<h4 class=\"woodmart-title-container title wd-fontsize-xl\">Ce que nous faisons<\/h4> \n\t\t\t\t\t\t\t<\/div>\n\n\t\t\t\t\t<\/div>\n\t\t\t\t\t\t<\/div>\n\t\t\t\t<\/div>\n\t\t\t\t<div class=\"elementor-element elementor-element-c0358fb elementor-widget elementor-widget-wd_text_block\" data-id=\"c0358fb\" data-element_type=\"widget\" data-widget_type=\"wd_text_block.default\">\n\t\t\t\t<div class=\"elementor-widget-container\">\n\t\t\t\t\t\t\t<div class=\"wd-text-block reset-last-child text-left\">\n\t\t\t\n\t\t\t<p>Le Lorem Ipsum est n\u00e9cessaire parce que les mots ont une grande importance. Il suffit de remplir une page avec un projet de texte sur l'activit\u00e9 du client pour qu'il le lise et le commente. Ils seront attir\u00e9s par ce texte, f\u00e9rocement. Demander au client de ne pas pr\u00eater attention au Lorem Ipsum n'est pas difficile puisqu'il n'a pas de sens, ce qui limitera l'int\u00e9r\u00eat initial bien assez t\u00f4t. En revanche, si vous demandez \u00e0 un client d'ignorer un projet de texte, vous vous exposez \u00e0 une situation inextricable. Chaque fois qu'un projet de texte est \u00e9voqu\u00e9 au cours d'une r\u00e9union, des questions confuses s'ensuivent.<\/p>\n\t\t\t\t\t<\/div>\n\t\t\t\t\t\t<\/div>\n\t\t\t\t<\/div>\n\t\t\t\t<div class=\"elementor-element elementor-element-6f7ac0a wd-width-100 elementor-widget elementor-widget-wd_title\" data-id=\"6f7ac0a\" data-element_type=\"widget\" data-widget_type=\"wd_title.default\">\n\t\t\t\t<div class=\"elementor-widget-container\">\n\t\t\t\t\t\t\t<div class=\"title-wrapper wd-set-mb reset-last-child wd-title-color-default wd-title-style-default wd-title-size-medium text-left\">\n\n\t\t\t\n\t\t\t<div class=\"liner-continer\">\n\t\t\t\t<h4 class=\"woodmart-title-container title wd-fontsize-xl\">Notre vision<\/h4> \n\t\t\t\t\t\t\t<\/div>\n\n\t\t\t\t\t<\/div>\n\t\t\t\t\t\t<\/div>\n\t\t\t\t<\/div>\n\t\t\t\t<div class=\"elementor-element elementor-element-82c3625 elementor-widget elementor-widget-wd_text_block\" data-id=\"82c3625\" data-element_type=\"widget\" data-widget_type=\"wd_text_block.default\">\n\t\t\t\t<div class=\"elementor-widget-container\">\n\t\t\t\t\t\t\t<div class=\"wd-text-block reset-last-child text-left\">\n\t\t\t\n\t\t\t<p>Demander au client de ne pas pr\u00eater attention au Lorem Ipsum n'est pas difficile puisqu'il n'a pas de sens en premier lieu, ce qui limitera tout int\u00e9r\u00eat initial assez rapidement. En revanche, si vous demandez \u00e0 un client d'ignorer le projet de texte, vous vous exposez \u00e0 une situation inextricable. Chaque fois qu'un projet de texte est \u00e9voqu\u00e9 au cours d'une r\u00e9union, des questions confuses s'ensuivent.<\/p><p>Le Lorem Ipsum est n\u00e9cessaire parce que les mots ont une grande importance. Il suffit de remplir une page avec un projet de texte sur l'activit\u00e9 du client pour qu'il le lise et le commente. Ils seront attir\u00e9s par ce texte, f\u00e9rocement. Si vous vous y prenez mal, le projet de texte peut faire d\u00e9railler votre revue de conception.<\/p>\n\t\t\t\t\t<\/div>\n\t\t\t\t\t\t<\/div>\n\t\t\t\t<\/div>\n\t\t\t\t<\/div>\n\t\t\t\t\t<\/div>\n\t\t\t\t<\/div>\n\t\t\t\t<\/div>","protected":false},"excerpt":{"rendered":"<p>Get to Know Megamarket At worst the discussion is at least working towards the final goal of your site where<\/p>","protected":false},"author":1,"featured_media":0,"parent":0,"menu_order":0,"comment_status":"closed","ping_status":"closed","template":"","meta":{"footnotes":""},"class_list":["post-275","page","type-page","status-publish","hentry"],"_links":{"self":[{"href":"https:\/\/hvac.condor.dz\/fr\/wp-json\/wp\/v2\/pages\/275","targetHints":{"allow":["GET"]}}],"collection":[{"href":"https:\/\/hvac.condor.dz\/fr\/wp-json\/wp\/v2\/pages"}],"about":[{"href":"https:\/\/hvac.condor.dz\/fr\/wp-json\/wp\/v2\/types\/page"}],"author":[{"embeddable":true,"href":"https:\/\/hvac.condor.dz\/fr\/wp-json\/wp\/v2\/users\/1"}],"replies":[{"embeddable":true,"href":"https:\/\/hvac.condor.dz\/fr\/wp-json\/wp\/v2\/comments?post=275"}],"version-history":[{"count":0,"href":"https:\/\/hvac.condor.dz\/fr\/wp-json\/wp\/v2\/pages\/275\/revisions"}],"wp:attachment":[{"href":"https:\/\/hvac.condor.dz\/fr\/wp-json\/wp\/v2\/media?parent=275"}],"curies":[{"name":"wp","href":"https:\/\/api.w.org\/{rel}","templated":true}]}}