{"id":17857,"date":"2025-02-02T23:14:49","date_gmt":"2025-02-02T15:14:49","guid":{"rendered":"https:\/\/climapro.com\/?post_type=product&#038;p=17857"},"modified":"2025-02-03T10:38:47","modified_gmt":"2025-02-03T02:38:47","slug":"fcu-de-type-a-conduit-dissimule-avec-un-grand-debit-dair-esp-eleve","status":"publish","type":"product","link":"https:\/\/hvac.condor.dz\/fr\/produit\/fcu-de-type-a-conduit-dissimule-avec-un-grand-debit-dair-esp-eleve\/","title":{"rendered":"Ventilateur de ventilation \u00e0 conduit dissimul\u00e9, avec ESP \u00e9lev\u00e9 et grand d\u00e9bit d&#039;air"},"content":{"rendered":"","protected":false},"excerpt":{"rendered":"","protected":false},"featured_media":17862,"template":"","meta":[],"product_cat":[457],"product_tag":[76],"class_list":{"0":"post-17857","1":"product","2":"type-product","3":"status-publish","4":"has-post-thumbnail","6":"product_cat-fan-coil-units","7":"product_tag-global-universal","8":"pa_brand-condor","10":"first","11":"instock","12":"shipping-taxable","13":"product-type-simple"},"_links":{"self":[{"href":"https:\/\/hvac.condor.dz\/fr\/wp-json\/wp\/v2\/product\/17857","targetHints":{"allow":["GET"]}}],"collection":[{"href":"https:\/\/hvac.condor.dz\/fr\/wp-json\/wp\/v2\/product"}],"about":[{"href":"https:\/\/hvac.condor.dz\/fr\/wp-json\/wp\/v2\/types\/product"}],"version-history":[{"count":0,"href":"https:\/\/hvac.condor.dz\/fr\/wp-json\/wp\/v2\/product\/17857\/revisions"}],"wp:featuredmedia":[{"embeddable":true,"href":"https:\/\/hvac.condor.dz\/fr\/wp-json\/wp\/v2\/media\/17862"}],"wp:attachment":[{"href":"https:\/\/hvac.condor.dz\/fr\/wp-json\/wp\/v2\/media?parent=17857"}],"wp:term":[{"taxonomy":"product_cat","embeddable":true,"href":"https:\/\/hvac.condor.dz\/fr\/wp-json\/wp\/v2\/product_cat?post=17857"},{"taxonomy":"product_tag","embeddable":true,"href":"https:\/\/hvac.condor.dz\/fr\/wp-json\/wp\/v2\/product_tag?post=17857"}],"curies":[{"name":"wp","href":"https:\/\/api.w.org\/{rel}","templated":true}]}}