{"id":17864,"date":"2025-02-02T23:18:08","date_gmt":"2025-02-02T15:18:08","guid":{"rendered":"https:\/\/climapro.com\/?post_type=product&#038;p=17864"},"modified":"2025-02-03T10:38:35","modified_gmt":"2025-02-03T02:38:35","slug":"unite-de-traitement-des-fluides-dissimulee-avec-fonction-de-sterilisation-et-delimination-des-voiles","status":"publish","type":"product","link":"https:\/\/hvac.condor.dz\/fr\/produit\/unite-de-traitement-des-fluides-dissimulee-avec-fonction-de-sterilisation-et-delimination-des-voiles\/","title":{"rendered":"Ventilo-convecteur \u00e0 conduit dissimul\u00e9, avec fonction de st\u00e9rilisation\/\u00e9limination de la bu\u00e9e"},"content":{"rendered":"","protected":false},"excerpt":{"rendered":"","protected":false},"featured_media":17861,"template":"","meta":[],"product_cat":[457],"product_tag":[76],"class_list":{"0":"post-17864","1":"product","2":"type-product","3":"status-publish","4":"has-post-thumbnail","6":"product_cat-fan-coil-units","7":"product_tag-global-universal","8":"pa_brand-condor","10":"first","11":"instock","12":"shipping-taxable","13":"product-type-simple"},"_links":{"self":[{"href":"https:\/\/hvac.condor.dz\/fr\/wp-json\/wp\/v2\/product\/17864","targetHints":{"allow":["GET"]}}],"collection":[{"href":"https:\/\/hvac.condor.dz\/fr\/wp-json\/wp\/v2\/product"}],"about":[{"href":"https:\/\/hvac.condor.dz\/fr\/wp-json\/wp\/v2\/types\/product"}],"version-history":[{"count":0,"href":"https:\/\/hvac.condor.dz\/fr\/wp-json\/wp\/v2\/product\/17864\/revisions"}],"wp:featuredmedia":[{"embeddable":true,"href":"https:\/\/hvac.condor.dz\/fr\/wp-json\/wp\/v2\/media\/17861"}],"wp:attachment":[{"href":"https:\/\/hvac.condor.dz\/fr\/wp-json\/wp\/v2\/media?parent=17864"}],"wp:term":[{"taxonomy":"product_cat","embeddable":true,"href":"https:\/\/hvac.condor.dz\/fr\/wp-json\/wp\/v2\/product_cat?post=17864"},{"taxonomy":"product_tag","embeddable":true,"href":"https:\/\/hvac.condor.dz\/fr\/wp-json\/wp\/v2\/product_tag?post=17864"}],"curies":[{"name":"wp","href":"https:\/\/api.w.org\/{rel}","templated":true}]}}