{"id":17903,"date":"2025-02-03T19:38:07","date_gmt":"2025-02-03T11:38:07","guid":{"rendered":"https:\/\/climapro.com\/?post_type=product&#038;p=17903"},"modified":"2025-09-05T01:15:07","modified_gmt":"2025-09-04T17:15:07","slug":"unite-de-traitement-dair-a-detente-directe-dx-ahu","status":"publish","type":"product","link":"https:\/\/hvac.condor.dz\/fr\/produit\/unite-de-traitement-dair-a-detente-directe-dx-ahu\/","title":{"rendered":"DX AHU, unit\u00e9 de traitement d&#039;air \u00e0 d\u00e9tente directe"},"content":{"rendered":"","protected":false},"excerpt":{"rendered":"","protected":false},"featured_media":20172,"template":"","meta":[],"product_cat":[454],"product_tag":[76],"class_list":{"0":"post-17903","1":"product","2":"type-product","3":"status-publish","4":"has-post-thumbnail","6":"product_cat-dx-ahu","7":"product_tag-global-universal","8":"pa_brand-condor","10":"first","11":"instock","12":"shipping-taxable","13":"product-type-simple"},"_links":{"self":[{"href":"https:\/\/hvac.condor.dz\/fr\/wp-json\/wp\/v2\/product\/17903","targetHints":{"allow":["GET"]}}],"collection":[{"href":"https:\/\/hvac.condor.dz\/fr\/wp-json\/wp\/v2\/product"}],"about":[{"href":"https:\/\/hvac.condor.dz\/fr\/wp-json\/wp\/v2\/types\/product"}],"version-history":[{"count":0,"href":"https:\/\/hvac.condor.dz\/fr\/wp-json\/wp\/v2\/product\/17903\/revisions"}],"wp:featuredmedia":[{"embeddable":true,"href":"https:\/\/hvac.condor.dz\/fr\/wp-json\/wp\/v2\/media\/20172"}],"wp:attachment":[{"href":"https:\/\/hvac.condor.dz\/fr\/wp-json\/wp\/v2\/media?parent=17903"}],"wp:term":[{"taxonomy":"product_cat","embeddable":true,"href":"https:\/\/hvac.condor.dz\/fr\/wp-json\/wp\/v2\/product_cat?post=17903"},{"taxonomy":"product_tag","embeddable":true,"href":"https:\/\/hvac.condor.dz\/fr\/wp-json\/wp\/v2\/product_tag?post=17903"}],"curies":[{"name":"wp","href":"https:\/\/api.w.org\/{rel}","templated":true}]}}